{"id":6200,"date":"2024-09-08T00:55:54","date_gmt":"2024-09-07T21:55:54","guid":{"rendered":"https:\/\/iltergroup.com\/contact\/"},"modified":"2025-12-16T22:41:33","modified_gmt":"2025-12-16T19:41:33","slug":"contact","status":"publish","type":"page","link":"https:\/\/iltergroup.com\/en\/contact\/","title":{"rendered":"Contact"},"content":{"rendered":"\t\t<div data-elementor-type=\"wp-page\" data-elementor-id=\"6200\" class=\"elementor elementor-6200 elementor-9\">\n\t\t\t\t\t\t\t<div class=\" elementor-element elementor-element-e5444e1 e-flex e-con-boxed e-con e-parent\" data-id=\"e5444e1\" data-element_type=\"container\" data-e-type=\"container\">\r\n\t\t\t\t\t\t\t<div class=\"e-con-inner\">\r\n\t\t\t\t\t\t\t<div class=\" elementor-element elementor-element-8159816 e-con-full e-flex e-con e-child\" data-id=\"8159816\" data-element_type=\"container\" data-e-type=\"container\">\r\n\t\t\t\t\t\t<div class=\" elementor-element elementor-element-333132d e-con-full animated-slow e-flex elementor-invisible e-con e-child\" data-id=\"333132d\" data-element_type=\"container\" data-e-type=\"container\" data-settings=\"{&quot;background_background&quot;:&quot;classic&quot;,&quot;animation&quot;:&quot;revealInDown&quot;,&quot;animation_delay&quot;:300}\">\r\n\t\t\t\t\t<div class=\"elementor-element elementor-element-9a008b6 elementor-widget elementor-widget-udesign_widget_iconbox\" data-id=\"9a008b6\" data-element_type=\"widget\" data-e-type=\"widget\" data-widget_type=\"udesign_widget_iconbox.default\">\n\t\t\t\t<div class=\"elementor-widget-container\">\n\t\t\t\t\t<div class=\"icon-box icon-box-side position-left icon-default\"><div class=\"icon-box-feature\"><i class=\"  u-icon-phone2\"><\/i><\/div><div class=\"icon-box-content\"><h3 class=\"icon-box-title\">Phone<\/h3><p class=\"icon-box-desc\"><a href=\"tel:+902126723495\" style=\"color: inherit;\">+90 212 672 34 95<\/a><\/p><\/div><\/div>\t\t\t\t<\/div>\n\t\t\t\t<\/div>\n\t\t\t\t<div class=\"elementor-element elementor-element-e1a0505 elementor-widget-divider--view-line elementor-widget elementor-widget-divider\" data-id=\"e1a0505\" data-element_type=\"widget\" data-e-type=\"widget\" data-widget_type=\"divider.default\">\n\t\t\t\t<div class=\"elementor-widget-container\">\n\t\t\t\t\t\t\t<div class=\"elementor-divider\">\n\t\t\t<span class=\"elementor-divider-separator\">\n\t\t\t\t\t\t<\/span>\n\t\t<\/div>\n\t\t\t\t\t\t<\/div>\n\t\t\t\t<\/div>\n\t\t\t\t<div class=\"elementor-element elementor-element-c1b58de elementor-widget elementor-widget-udesign_widget_iconbox\" data-id=\"c1b58de\" data-element_type=\"widget\" data-e-type=\"widget\" data-widget_type=\"udesign_widget_iconbox.default\">\n\t\t\t\t<div class=\"elementor-widget-container\">\n\t\t\t\t\t<div class=\"icon-box icon-box-side position-left icon-default\"><div class=\"icon-box-feature\"><i class=\"  u-icon-envelop5\"><\/i><\/div><div class=\"icon-box-content\"><h3 class=\"icon-box-title\">E-mail<\/h3><p class=\"icon-box-desc\"><a href=\"mailto:info@iltergroup.com\" style=\"color: inherit;\">info@iltergroup.com<\/a><\/p><\/div><\/div>\t\t\t\t<\/div>\n\t\t\t\t<\/div>\n\t\t\t\t<div class=\"elementor-element elementor-element-10b3b01 elementor-widget-divider--view-line elementor-widget elementor-widget-divider\" data-id=\"10b3b01\" data-element_type=\"widget\" data-e-type=\"widget\" data-widget_type=\"divider.default\">\n\t\t\t\t<div class=\"elementor-widget-container\">\n\t\t\t\t\t\t\t<div class=\"elementor-divider\">\n\t\t\t<span class=\"elementor-divider-separator\">\n\t\t\t\t\t\t<\/span>\n\t\t<\/div>\n\t\t\t\t\t\t<\/div>\n\t\t\t\t<\/div>\n\t\t\t\t<div class=\"elementor-element elementor-element-e98e7dc elementor-widget elementor-widget-udesign_widget_iconbox\" data-id=\"e98e7dc\" data-element_type=\"widget\" data-e-type=\"widget\" data-widget_type=\"udesign_widget_iconbox.default\">\n\t\t\t\t<div class=\"elementor-widget-container\">\n\t\t\t\t\t<div class=\"icon-box icon-box-side position-left icon-default\"><div class=\"icon-box-feature\"><i class=\"  u-icon-map-marker4\"><\/i><\/div><div class=\"icon-box-content\"><h3 class=\"icon-box-title\">Address<\/h3><p class=\"icon-box-desc\">Bah\u00e7e\u015fehir 1. K\u0131s\u0131m Mah. Vali Recep Yaz\u0131c\u0131o\u011flu Cad. Do\u011fa Park Evleri A Blok 5. Kat D:13 Basaksehir \/ Istanbul<\/p><\/div><\/div>\t\t\t\t<\/div>\n\t\t\t\t<\/div>\n\t\t\r\n\t\t\t<\/div>\r\n\t\t\t\r\n\t\t\t<\/div>\r\n\t\t\t\t\t\t<div class=\" elementor-element elementor-element-965a85e e-con-full e-flex e-con e-child\" data-id=\"965a85e\" data-element_type=\"container\" data-e-type=\"container\">\r\n\t\t\t\t\t<div class=\"elementor-element elementor-element-bf2eb42 elementor-widget elementor-widget-heading\" data-id=\"bf2eb42\" data-element_type=\"widget\" data-e-type=\"widget\" data-widget_type=\"heading.default\">\n\t\t\t\t<div class=\"elementor-widget-container\">\n\t\t\t\t\t<h2 class=\"elementor-heading-title elementor-size-default\">Contact FORM<\/h2>\t\t\t\t<\/div>\n\t\t\t\t<\/div>\n\t\t\t\t<div class=\"elementor-element elementor-element-30f7554 elementor-widget__width-initial elementor-widget elementor-widget-heading\" data-id=\"30f7554\" data-element_type=\"widget\" data-e-type=\"widget\" data-widget_type=\"heading.default\">\n\t\t\t\t<div class=\"elementor-widget-container\">\n\t\t\t\t\t<p class=\"elementor-heading-title elementor-size-default\">You can send message to us for any information and requests.<\/p>\t\t\t\t<\/div>\n\t\t\t\t<\/div>\n\t\t\t\t<div class=\"elementor-element elementor-element-7f11e1c cs68-contact elementor-widget elementor-widget-udesign_widget_contact_form\" data-id=\"7f11e1c\" data-element_type=\"widget\" data-e-type=\"widget\" data-widget_type=\"udesign_widget_contact_form.default\">\n\t\t\t\t<div class=\"elementor-widget-container\">\n\t\t\t\t\t\n<div class=\"wpcf7 no-js\" id=\"wpcf7-f6245-o1\" lang=\"en-US\" dir=\"ltr\" data-wpcf7-id=\"6245\">\n<div class=\"screen-reader-response\"><p role=\"status\" aria-live=\"polite\" aria-atomic=\"true\"><\/p> <ul><\/ul><\/div>\n<form action=\"\/en\/wp-json\/wp\/v2\/pages\/6200#wpcf7-f6245-o1\" method=\"post\" class=\"wpcf7-form init\" aria-label=\"Contact form\" novalidate=\"novalidate\" data-status=\"init\">\n<fieldset class=\"hidden-fields-container\"><input type=\"hidden\" name=\"_wpcf7\" value=\"6245\" \/><input type=\"hidden\" name=\"_wpcf7_version\" value=\"6.1.5\" \/><input type=\"hidden\" name=\"_wpcf7_locale\" value=\"en_US\" \/><input type=\"hidden\" name=\"_wpcf7_unit_tag\" value=\"wpcf7-f6245-o1\" \/><input type=\"hidden\" name=\"_wpcf7_container_post\" value=\"0\" \/><input type=\"hidden\" name=\"_wpcf7_posted_data_hash\" value=\"\" \/>\n<\/fieldset>\n<div class=\"row cols-2\" style=\"margin-bottom: var(--alpha-gap);\">\n\t<p class=\"mb-0\"><span class=\"wpcf7-form-control-wrap\" data-name=\"text-335\"><input size=\"40\" maxlength=\"400\" class=\"wpcf7-form-control wpcf7-text wpcf7-validates-as-required\" aria-required=\"true\" aria-invalid=\"false\" placeholder=\"Name\" value=\"\" type=\"text\" name=\"text-335\" \/><\/span>\n\t<\/p>\n\t<p class=\"mb-0\"><span class=\"wpcf7-form-control-wrap\" data-name=\"tel-781\"><input size=\"40\" maxlength=\"400\" class=\"wpcf7-form-control wpcf7-tel wpcf7-validates-as-required wpcf7-text wpcf7-validates-as-tel\" aria-required=\"true\" aria-invalid=\"false\" placeholder=\"Phone\" value=\"\" type=\"tel\" name=\"tel-781\" \/><\/span>\n\t<\/p>\n\t<p class=\"mb-0\"><span class=\"wpcf7-form-control-wrap\" data-name=\"email-591\"><input size=\"40\" maxlength=\"400\" class=\"wpcf7-form-control wpcf7-email wpcf7-validates-as-required wpcf7-text wpcf7-validates-as-email\" aria-required=\"true\" aria-invalid=\"false\" placeholder=\"Email\" value=\"\" type=\"email\" name=\"email-591\" \/><\/span>\n\t<\/p>\n\t<p class=\"mb-0\"><span class=\"wpcf7-form-control-wrap\" data-name=\"text-242\"><input size=\"40\" maxlength=\"400\" class=\"wpcf7-form-control wpcf7-text\" aria-invalid=\"false\" placeholder=\"Subject\" value=\"\" type=\"text\" name=\"text-242\" \/><\/span>\n\t<\/p>\n<\/div>\n<p class=\"mb-6\"><span class=\"wpcf7-form-control-wrap\" data-name=\"textarea-984\"><textarea cols=\"40\" rows=\"10\" maxlength=\"2000\" class=\"wpcf7-form-control wpcf7-textarea\" aria-invalid=\"false\" placeholder=\"Message\" name=\"textarea-984\"><\/textarea><\/span>\n<\/p>\n<p class=\"mb-0\"><button type=\"submit\" class=\"btn btn-bg-hover-effect btn-sweep-to-right\" aria-label=\"Button\"><span>Send<\/span><\/button>\n<\/p><div class=\"wpcf7-response-output\" aria-hidden=\"true\"><\/div>\n<\/form>\n<\/div>\n\t\t\t\t<\/div>\n\t\t\t\t<\/div>\n\t\t\r\n\t\t\t<\/div>\r\n\t\t\t\t\t\t\t<\/div>\r\n\t\t\t\t\r\n\t\t\t<\/div>\r\n\t\t\t\t\t\t<div class=\" elementor-element elementor-element-8b3b671 e-con-full elementor-hidden-mobile e-flex e-con e-parent\" data-stretch=\"full\" data-stretch-width=\"0\" data-id=\"8b3b671\" data-element_type=\"container\" data-e-type=\"container\">\r\n\t\t\t\t\t<div class=\"elementor-element elementor-element-ff028bc elementor-widget elementor-widget-google_maps\" data-id=\"ff028bc\" data-element_type=\"widget\" data-e-type=\"widget\" data-widget_type=\"google_maps.default\">\n\t\t\t\t<div class=\"elementor-widget-container\">\n\t\t\t\t\t\t\t<div class=\"elementor-custom-embed\">\n\t\t\t<iframe loading=\"lazy\"\n\t\t\t\t\tsrc=\"https:\/\/maps.google.com\/maps?q=Bah%C3%A7e%C5%9Fehir%201.%20K%C4%B1s%C4%B1m%20Mah.%20Vali%20Recep%20Yaz%C4%B1c%C4%B1o%C4%9Flu%20Cad.%20Do%C4%9Fa%20Park%20Evleri%20A%20Blok%205.%20Kat%20D%3A13%20Ba%C5%9Fak%C5%9Fehir&t=m&z=12&output=embed&iwloc=near\"\n\t\t\t\t\ttitle=\"Bah\u00e7e\u015fehir 1. K\u0131s\u0131m Mah. Vali Recep Yaz\u0131c\u0131o\u011flu Cad. Do\u011fa Park Evleri A Blok 5. Kat D:13 Ba\u015fak\u015fehir\"\n\t\t\t\t\taria-label=\"Bah\u00e7e\u015fehir 1. K\u0131s\u0131m Mah. Vali Recep Yaz\u0131c\u0131o\u011flu Cad. Do\u011fa Park Evleri A Blok 5. Kat D:13 Ba\u015fak\u015fehir\"\n\t\t\t><\/iframe>\n\t\t<\/div>\n\t\t\t\t\t\t<\/div>\n\t\t\t\t<\/div>\n\t\t\r\n\t\t\t<\/div>\r\n\t\t\t\t\t<\/div>\n\t\t","protected":false},"excerpt":{"rendered":"<p>Phone +90 212 672 34 95 E-mail info@iltergroup.com Address Bah\u00e7e\u015fehir 1. K\u0131s\u0131m Mah. Vali Recep Yaz\u0131c\u0131o\u011flu Cad. Do\u011fa Park Evleri A Blok 5. Kat D:13 Basaksehir \/ Istanbul Contact FORM You can send message to us for any information and requests. Send<\/p>\n","protected":false},"author":1,"featured_media":0,"parent":0,"menu_order":0,"comment_status":"closed","ping_status":"closed","template":"","meta":{"_acf_changed":false,"footnotes":""},"class_list":["post-6200","page","type-page","status-publish","hentry"],"acf":[],"_links":{"self":[{"href":"https:\/\/iltergroup.com\/en\/wp-json\/wp\/v2\/pages\/6200","targetHints":{"allow":["GET"]}}],"collection":[{"href":"https:\/\/iltergroup.com\/en\/wp-json\/wp\/v2\/pages"}],"about":[{"href":"https:\/\/iltergroup.com\/en\/wp-json\/wp\/v2\/types\/page"}],"author":[{"embeddable":true,"href":"https:\/\/iltergroup.com\/en\/wp-json\/wp\/v2\/users\/1"}],"replies":[{"embeddable":true,"href":"https:\/\/iltergroup.com\/en\/wp-json\/wp\/v2\/comments?post=6200"}],"version-history":[{"count":22,"href":"https:\/\/iltergroup.com\/en\/wp-json\/wp\/v2\/pages\/6200\/revisions"}],"predecessor-version":[{"id":6877,"href":"https:\/\/iltergroup.com\/en\/wp-json\/wp\/v2\/pages\/6200\/revisions\/6877"}],"wp:attachment":[{"href":"https:\/\/iltergroup.com\/en\/wp-json\/wp\/v2\/media?parent=6200"}],"curies":[{"name":"wp","href":"https:\/\/api.w.org\/{rel}","templated":true}]}}